{"id":514,"date":"2021-05-03T13:29:32","date_gmt":"2021-05-03T16:29:32","guid":{"rendered":"http:\/\/451studio.com\/servicios\/"},"modified":"2023-08-17T19:34:34","modified_gmt":"2023-08-17T22:34:34","slug":"servicios","status":"publish","type":"page","link":"https:\/\/451studio.com\/es\/servicios\/","title":{"rendered":"Servicios"},"content":{"rendered":"<style>\/*! elementor - v3.15.0 - 09-08-2023 *\/\n.elementor-widget-divider{--divider-border-style:none;--divider-border-width:1px;--divider-color:#0c0d0e;--divider-icon-size:20px;--divider-element-spacing:10px;--divider-pattern-height:24px;--divider-pattern-size:20px;--divider-pattern-url:none;--divider-pattern-repeat:repeat-x}.elementor-widget-divider .elementor-divider{display:flex}.elementor-widget-divider .elementor-divider__text{font-size:15px;line-height:1;max-width:95%}.elementor-widget-divider .elementor-divider__element{margin:0 var(--divider-element-spacing);flex-shrink:0}.elementor-widget-divider .elementor-icon{font-size:var(--divider-icon-size)}.elementor-widget-divider .elementor-divider-separator{display:flex;margin:0;direction:ltr}.elementor-widget-divider--view-line_icon .elementor-divider-separator,.elementor-widget-divider--view-line_text .elementor-divider-separator{align-items:center}.elementor-widget-divider--view-line_icon .elementor-divider-separator:after,.elementor-widget-divider--view-line_icon .elementor-divider-separator:before,.elementor-widget-divider--view-line_text .elementor-divider-separator:after,.elementor-widget-divider--view-line_text .elementor-divider-separator:before{display:block;content:\"\";border-bottom:0;flex-grow:1;border-top:var(--divider-border-width) var(--divider-border-style) var(--divider-color)}.elementor-widget-divider--element-align-left .elementor-divider .elementor-divider-separator>.elementor-divider__svg:first-of-type{flex-grow:0;flex-shrink:100}.elementor-widget-divider--element-align-left .elementor-divider-separator:before{content:none}.elementor-widget-divider--element-align-left .elementor-divider__element{margin-left:0}.elementor-widget-divider--element-align-right .elementor-divider .elementor-divider-separator>.elementor-divider__svg:last-of-type{flex-grow:0;flex-shrink:100}.elementor-widget-divider--element-align-right .elementor-divider-separator:after{content:none}.elementor-widget-divider--element-align-right .elementor-divider__element{margin-right:0}.elementor-widget-divider:not(.elementor-widget-divider--view-line_text):not(.elementor-widget-divider--view-line_icon) .elementor-divider-separator{border-top:var(--divider-border-width) var(--divider-border-style) var(--divider-color)}.elementor-widget-divider--separator-type-pattern{--divider-border-style:none}.elementor-widget-divider--separator-type-pattern.elementor-widget-divider--view-line .elementor-divider-separator,.elementor-widget-divider--separator-type-pattern:not(.elementor-widget-divider--view-line) .elementor-divider-separator:after,.elementor-widget-divider--separator-type-pattern:not(.elementor-widget-divider--view-line) .elementor-divider-separator:before,.elementor-widget-divider--separator-type-pattern:not([class*=elementor-widget-divider--view]) .elementor-divider-separator{width:100%;min-height:var(--divider-pattern-height);-webkit-mask-size:var(--divider-pattern-size) 100%;mask-size:var(--divider-pattern-size) 100%;-webkit-mask-repeat:var(--divider-pattern-repeat);mask-repeat:var(--divider-pattern-repeat);background-color:var(--divider-color);-webkit-mask-image:var(--divider-pattern-url);mask-image:var(--divider-pattern-url)}.elementor-widget-divider--no-spacing{--divider-pattern-size:auto}.elementor-widget-divider--bg-round{--divider-pattern-repeat:round}.rtl .elementor-widget-divider .elementor-divider__text{direction:rtl}.e-con-inner>.elementor-widget-divider,.e-con>.elementor-widget-divider{width:var(--container-widget-width,100%);--flex-grow:var(--container-widget-flex-grow)}<\/style>\n<style>\/*! elementor - v3.15.0 - 09-08-2023 *\/\n.elementor-heading-title{padding:0;margin:0;line-height:1}.elementor-widget-heading .elementor-heading-title[class*=elementor-size-]>a{color:inherit;font-size:inherit;line-height:inherit}.elementor-widget-heading .elementor-heading-title.elementor-size-small{font-size:15px}.elementor-widget-heading .elementor-heading-title.elementor-size-medium{font-size:19px}.elementor-widget-heading .elementor-heading-title.elementor-size-large{font-size:29px}.elementor-widget-heading .elementor-heading-title.elementor-size-xl{font-size:39px}.elementor-widget-heading .elementor-heading-title.elementor-size-xxl{font-size:59px}<\/style>\n<h1>Servicios<\/h1>\n<h2>\u00bfC\u00f3mo podemos ayudarte?<\/h2>\n<style>\/*! elementor - v3.15.0 - 09-08-2023 *\/\n.elementor-widget-image-box .elementor-image-box-content{width:100%}@media (min-width:768px){.elementor-widget-image-box.elementor-position-left .elementor-image-box-wrapper,.elementor-widget-image-box.elementor-position-right .elementor-image-box-wrapper{display:flex}.elementor-widget-image-box.elementor-position-right .elementor-image-box-wrapper{text-align:right;flex-direction:row-reverse}.elementor-widget-image-box.elementor-position-left .elementor-image-box-wrapper{text-align:left;flex-direction:row}.elementor-widget-image-box.elementor-position-top .elementor-image-box-img{margin:auto}.elementor-widget-image-box.elementor-vertical-align-top .elementor-image-box-wrapper{align-items:flex-start}.elementor-widget-image-box.elementor-vertical-align-middle .elementor-image-box-wrapper{align-items:center}.elementor-widget-image-box.elementor-vertical-align-bottom .elementor-image-box-wrapper{align-items:flex-end}}@media (max-width:767px){.elementor-widget-image-box .elementor-image-box-img{margin-left:auto!important;margin-right:auto!important;margin-bottom:15px}}.elementor-widget-image-box .elementor-image-box-img{display:inline-block}.elementor-widget-image-box .elementor-image-box-title a{color:inherit}.elementor-widget-image-box .elementor-image-box-wrapper{text-align:center}.elementor-widget-image-box .elementor-image-box-description{margin:0}<\/style>\n<h4>E-learning<\/h4>\n<p>Integramos soluciones de e-learning y sistemas de gesti\u00f3n de aprendizaje (LMS) para apoyar tus procesos de capacitaci\u00f3n. <\/p>\n<p>\t\t\t<a href=\"#\"><br \/>\n\t\t\t\t\t\tEstamos En Contacto<br \/>\n\t\t\t\t\t<\/a><\/p>\n<h4>Noticias &amp; Medios<\/h4>\n<p>Creemos en el rol de los medios locales. Implementamos portales de noticias para medios locales y regionales.<\/p>\n<p>\t\t\t<a href=\"#\"><br \/>\n\t\t\t\t\t\tEstamos En Contacto<br \/>\n\t\t\t\t\t<\/a><\/p>\n<h4>Presencia online<\/h4>\n<p>Creamos sitios web modernos, atractivos y funcionales. Tu carta de presentaci\u00f3n en el mundo digital.<\/p>\n<p>\t\t\t<a href=\"#\"><br \/>\n\t\t\t\t\t\tEstamos En Contacto<br \/>\n\t\t\t\t\t<\/a><\/p>\n<h2>Clientes con los que trabajamos<\/h2>\n<style>\/*! elementor - v3.15.0 - 09-08-2023 *\/\n.elementor-widget-image{text-align:center}.elementor-widget-image a{display:inline-block}.elementor-widget-image a img[src$=\".svg\"]{width:48px}.elementor-widget-image img{vertical-align:middle;display:inline-block}<\/style>\n<p>\t\t\t\t\t\t\t\t\t\t\t\t<img decoding=\"async\" width=\"153\" height=\"41\" src=\"https:\/\/451studio.com\/wp-content\/uploads\/2023\/08\/bio4-153x41-1.png\" alt=\"\" loading=\"lazy\" srcset=\"https:\/\/451studio.com\/wp-content\/uploads\/2023\/08\/bio4-153x41-1.png 153w, https:\/\/451studio.com\/wp-content\/uploads\/2023\/08\/bio4-153x41-1-150x41.png 150w\" sizes=\"auto, (max-width: 153px) 100vw, 153px\" \/><br \/>\n\t\t\t\t\t\t\t\t\t\t\t\t\t\t\t<img decoding=\"async\" width=\"153\" height=\"41\" src=\"https:\/\/451studio.com\/wp-content\/uploads\/2023\/08\/laribera-153x41-1.png\" alt=\"\" loading=\"lazy\" srcset=\"https:\/\/451studio.com\/wp-content\/uploads\/2023\/08\/laribera-153x41-1.png 153w, https:\/\/451studio.com\/wp-content\/uploads\/2023\/08\/laribera-153x41-1-150x41.png 150w\" sizes=\"auto, (max-width: 153px) 100vw, 153px\" \/><br \/>\n\t\t\t\t\t\t\t\t\t\t\t\t\t\t\t<img decoding=\"async\" width=\"153\" height=\"41\" src=\"https:\/\/451studio.com\/wp-content\/uploads\/2023\/08\/gabosi-153x41-1.png\" alt=\"\" loading=\"lazy\" srcset=\"https:\/\/451studio.com\/wp-content\/uploads\/2023\/08\/gabosi-153x41-1.png 153w, https:\/\/451studio.com\/wp-content\/uploads\/2023\/08\/gabosi-153x41-1-150x41.png 150w\" sizes=\"auto, (max-width: 153px) 100vw, 153px\" \/><br \/>\n\t\t\t\t\t\t\t\t\t\t\t\t\t\t\t<img decoding=\"async\" width=\"153\" height=\"41\" src=\"https:\/\/451studio.com\/wp-content\/uploads\/2023\/08\/cartografias-153x41-1.png\" alt=\"\" loading=\"lazy\" srcset=\"https:\/\/451studio.com\/wp-content\/uploads\/2023\/08\/cartografias-153x41-1.png 153w, https:\/\/451studio.com\/wp-content\/uploads\/2023\/08\/cartografias-153x41-1-150x41.png 150w\" sizes=\"auto, (max-width: 153px) 100vw, 153px\" \/>\t\t\t\t\t\t\t\t\t\t\t\t\t\t\t<\/p>\n<h3>\u00bfAlg\u00fan proyecto en mente?<\/h3>\n<p>Podemos ayudarte a hacer realidad tus ideas. Hablemos de lo que podemos hacer juntos.<\/p>\n<p>\t\t\t<a href=\"#\"><br \/>\n\t\t\t\t\t\t\u00a1Cont\u00e1ctanos!<br \/>\n\t\t\t\t\t<\/a><br \/>\n\t\t\t\t\t\t\t\t\t\t\t\t\t\t\t<img decoding=\"async\" width=\"900\" height=\"600\" src=\"https:\/\/451studio.com\/wp-content\/uploads\/2023\/08\/have-a-project-800x600-1.jpg\" alt=\"\" loading=\"lazy\" srcset=\"https:\/\/451studio.com\/wp-content\/uploads\/2023\/08\/have-a-project-800x600-1.jpg 900w, https:\/\/451studio.com\/wp-content\/uploads\/2023\/08\/have-a-project-800x600-1-300x200.jpg 300w, https:\/\/451studio.com\/wp-content\/uploads\/2023\/08\/have-a-project-800x600-1-768x512.jpg 768w\" sizes=\"auto, (max-width: 900px) 100vw, 900px\" \/>\t\t\t\t\t\t\t\t\t\t\t\t\t\t\t<\/p>\n<h2>Construyamos tu negocio<\/h2>\n<p>Ya seas un emprenderor o una PYME, estamos para llevar tu visi\u00f3n al mundo proyecto digital. Creamos juntos tu presencia en l\u00ednea.<\/p>\n","protected":false},"excerpt":{"rendered":"<p>Servicios \u00bfC\u00f3mo podemos ayudarte? E-learning Integramos soluciones de e-learning y sistemas de gesti\u00f3n de aprendizaje (LMS) para apoyar tus procesos de capacitaci\u00f3n. Estamos En Contacto Noticias &amp; Medios Creemos en el rol de los medios locales. Implementamos portales de noticias para medios locales y regionales. Estamos En Contacto Presencia online Creamos sitios web modernos, atractivos [&hellip;]<\/p>\n","protected":false},"author":1,"featured_media":0,"parent":0,"menu_order":0,"comment_status":"closed","ping_status":"closed","template":"","meta":{"_monsterinsights_skip_tracking":false,"_monsterinsights_sitenote_active":false,"_monsterinsights_sitenote_note":"","_monsterinsights_sitenote_category":0,"site-sidebar-layout":"no-sidebar","site-content-layout":"page-builder","ast-site-content-layout":"default","site-content-style":"default","site-sidebar-style":"default","ast-global-header-display":"","ast-banner-title-visibility":"","ast-main-header-display":"","ast-hfb-above-header-display":"","ast-hfb-below-header-display":"","ast-hfb-mobile-header-display":"","site-post-title":"disabled","ast-breadcrumbs-content":"","ast-featured-img":"disabled","footer-sml-layout":"","ast-disable-related-posts":"","theme-transparent-header-meta":"enabled","adv-header-id-meta":"","stick-header-meta":"","header-above-stick-meta":"","header-main-stick-meta":"","header-below-stick-meta":"","astra-migrate-meta-layouts":"default","ast-page-background-enabled":"default","ast-page-background-meta":{"desktop":{"background-color":"","background-image":"","background-repeat":"repeat","background-position":"center center","background-size":"auto","background-attachment":"scroll","background-type":"","background-media":"","overlay-type":"","overlay-color":"","overlay-opacity":"","overlay-gradient":""},"tablet":{"background-color":"","background-image":"","background-repeat":"repeat","background-position":"center center","background-size":"auto","background-attachment":"scroll","background-type":"","background-media":"","overlay-type":"","overlay-color":"","overlay-opacity":"","overlay-gradient":""},"mobile":{"background-color":"","background-image":"","background-repeat":"repeat","background-position":"center center","background-size":"auto","background-attachment":"scroll","background-type":"","background-media":"","overlay-type":"","overlay-color":"","overlay-opacity":"","overlay-gradient":""}},"ast-content-background-meta":{"desktop":{"background-color":"var(--ast-global-color-5)","background-image":"","background-repeat":"repeat","background-position":"center center","background-size":"auto","background-attachment":"scroll","background-type":"","background-media":"","overlay-type":"","overlay-color":"","overlay-opacity":"","overlay-gradient":""},"tablet":{"background-color":"var(--ast-global-color-5)","background-image":"","background-repeat":"repeat","background-position":"center center","background-size":"auto","background-attachment":"scroll","background-type":"","background-media":"","overlay-type":"","overlay-color":"","overlay-opacity":"","overlay-gradient":""},"mobile":{"background-color":"var(--ast-global-color-5)","background-image":"","background-repeat":"repeat","background-position":"center center","background-size":"auto","background-attachment":"scroll","background-type":"","background-media":"","overlay-type":"","overlay-color":"","overlay-opacity":"","overlay-gradient":""}},"footnotes":""},"class_list":["post-514","page","type-page","status-publish","hentry"],"aioseo_notices":[],"_links":{"self":[{"href":"https:\/\/451studio.com\/es\/wp-json\/wp\/v2\/pages\/514","targetHints":{"allow":["GET"]}}],"collection":[{"href":"https:\/\/451studio.com\/es\/wp-json\/wp\/v2\/pages"}],"about":[{"href":"https:\/\/451studio.com\/es\/wp-json\/wp\/v2\/types\/page"}],"author":[{"embeddable":true,"href":"https:\/\/451studio.com\/es\/wp-json\/wp\/v2\/users\/1"}],"replies":[{"embeddable":true,"href":"https:\/\/451studio.com\/es\/wp-json\/wp\/v2\/comments?post=514"}],"version-history":[{"count":10,"href":"https:\/\/451studio.com\/es\/wp-json\/wp\/v2\/pages\/514\/revisions"}],"predecessor-version":[{"id":561,"href":"https:\/\/451studio.com\/es\/wp-json\/wp\/v2\/pages\/514\/revisions\/561"}],"wp:attachment":[{"href":"https:\/\/451studio.com\/es\/wp-json\/wp\/v2\/media?parent=514"}],"curies":[{"name":"wp","href":"https:\/\/api.w.org\/{rel}","templated":true}]}}