{"id":449,"date":"2021-05-03T11:14:32","date_gmt":"2021-05-03T14:14:32","guid":{"rendered":"http:\/\/451studio.com\/inicio\/"},"modified":"2023-08-23T08:26:11","modified_gmt":"2023-08-23T11:26:11","slug":"inicio","status":"publish","type":"page","link":"https:\/\/451studio.com\/es\/inicio\/","title":{"rendered":"Inicio"},"content":{"rendered":"<style>\/*! elementor - v3.15.0 - 09-08-2023 *\/\n.elementor-heading-title{padding:0;margin:0;line-height:1}.elementor-widget-heading .elementor-heading-title[class*=elementor-size-]>a{color:inherit;font-size:inherit;line-height:inherit}.elementor-widget-heading .elementor-heading-title.elementor-size-small{font-size:15px}.elementor-widget-heading .elementor-heading-title.elementor-size-medium{font-size:19px}.elementor-widget-heading .elementor-heading-title.elementor-size-large{font-size:29px}.elementor-widget-heading .elementor-heading-title.elementor-size-xl{font-size:39px}.elementor-widget-heading .elementor-heading-title.elementor-size-xxl{font-size:59px}<\/style>\n<h1>Somos 451studio y creamos experiencias en la web.<br \/><\/h1>\n<p>Implementamos plataformas de aprendizaje para e-learning,\u00a0 creamos sitios de noticias y dise\u00f1amos sitios web para que tengas tu lugar en el mundo digital.<\/p>\n<link rel=\"stylesheet\" href=\"https:\/\/451studio.com\/wp-content\/plugins\/elementor\/assets\/css\/widget-icon-list.min.css\">\n<ul>\n<li>\n\t\t\t\t\t\t\t\t\t\t\t<a href=\"#services\"><br \/>\n\t\t\t\t\t\t\t\t\t\t\u00a1As\u00ed lo hacemos!<br \/>\n\t\t\t\t\t\t\t\t\t\t\t<\/a>\n\t\t\t\t\t\t\t\t\t<\/li>\n<\/ul>\n<h2>Te Ayudamos Con<br \/>\n<\/h2>\n<h4>Educaci\u00f3n on-line<\/h4>\n<p>Implementamos plataformas de gesi\u00f3n del aprendizaje (LMS) para que puedas realizar e-learning y hacer cursos online.<\/p>\n<h4>Sitios de noticias<\/h4>\n<p>Creamos sitios web de noticias para medios locales y regionales que buscan una soluci\u00f3n sencilla pero potente.<\/p>\n<h4>Sitios web<\/h4>\n<p>Creamos tu lugar en el mundo digital para que puedas mostrar tu proyecto o negocio sin restricciones.<\/p>\n<h2>Sobre Nosotros<\/h2>\n<p>Hace m\u00e1s de 20 a\u00f1os que creamos sitios web. Durante este tiempo, hemos aprendido a crear soluciones simples y efectivas.<\/p>\n<h4>Misi\u00f3n.<\/h4>\n<p>Entendemos que el mundo digital puede ser complejo. Queremos proporcionar soluciones innovadoras, efectivas y ajustadas a la necesidad de cada cliente.<\/p>\n<h4>Visi\u00f3n.<\/h4>\n<p>Creamos sitios web desde antes que existiera Google y las redes sociales. Creemos en el valor de gestionar tu propio espacio sin restricciones y siendo due\u00f1o de tu contenido.<\/p>\n<style>\/*! elementor - v3.15.0 - 09-08-2023 *\/\n.elementor-widget-image{text-align:center}.elementor-widget-image a{display:inline-block}.elementor-widget-image a img[src$=\".svg\"]{width:48px}.elementor-widget-image img{vertical-align:middle;display:inline-block}<\/style>\n<p>\t\t\t\t\t\t\t\t\t\t\t\t<img decoding=\"async\" width=\"600\" height=\"720\" src=\"https:\/\/451studio.com\/wp-content\/uploads\/2023\/08\/about-us-720.jpg\" alt=\"\" loading=\"lazy\" srcset=\"https:\/\/451studio.com\/wp-content\/uploads\/2023\/08\/about-us-720.jpg 600w, https:\/\/451studio.com\/wp-content\/uploads\/2023\/08\/about-us-720-250x300.jpg 250w\" sizes=\"auto, (max-width: 600px) 100vw, 600px\" \/>\t\t\t\t\t\t\t\t\t\t\t\t\t\t\t<\/p>\n<h2>Clientes con los que trabajamos<\/h2>\n<p>\t\t\t\t\t\t\t\t\t\t\t\t\t\t\t<img decoding=\"async\" width=\"153\" height=\"41\" src=\"https:\/\/451studio.com\/wp-content\/uploads\/2023\/08\/bio4-153x41-1.png\" alt=\"\" loading=\"lazy\" srcset=\"https:\/\/451studio.com\/wp-content\/uploads\/2023\/08\/bio4-153x41-1.png 153w, https:\/\/451studio.com\/wp-content\/uploads\/2023\/08\/bio4-153x41-1-150x41.png 150w\" sizes=\"auto, (max-width: 153px) 100vw, 153px\" \/><br \/>\n\t\t\t\t\t\t\t\t\t\t\t\t\t\t\t<img decoding=\"async\" width=\"153\" height=\"41\" src=\"https:\/\/451studio.com\/wp-content\/uploads\/2023\/08\/gabosi-153x41-1.png\" alt=\"\" loading=\"lazy\" srcset=\"https:\/\/451studio.com\/wp-content\/uploads\/2023\/08\/gabosi-153x41-1.png 153w, https:\/\/451studio.com\/wp-content\/uploads\/2023\/08\/gabosi-153x41-1-150x41.png 150w\" sizes=\"auto, (max-width: 153px) 100vw, 153px\" \/><br \/>\n\t\t\t\t\t\t\t\t\t\t\t\t\t\t\t<img decoding=\"async\" width=\"153\" height=\"41\" src=\"https:\/\/451studio.com\/wp-content\/uploads\/2023\/08\/gabosi-153x41-1.png\" alt=\"\" loading=\"lazy\" srcset=\"https:\/\/451studio.com\/wp-content\/uploads\/2023\/08\/gabosi-153x41-1.png 153w, https:\/\/451studio.com\/wp-content\/uploads\/2023\/08\/gabosi-153x41-1-150x41.png 150w\" sizes=\"auto, (max-width: 153px) 100vw, 153px\" \/><br \/>\n\t\t\t\t\t\t\t\t\t\t\t\t\t\t\t<img decoding=\"async\" width=\"153\" height=\"41\" src=\"https:\/\/451studio.com\/wp-content\/uploads\/2023\/08\/cartografias-153x41-1.png\" alt=\"\" loading=\"lazy\" srcset=\"https:\/\/451studio.com\/wp-content\/uploads\/2023\/08\/cartografias-153x41-1.png 153w, https:\/\/451studio.com\/wp-content\/uploads\/2023\/08\/cartografias-153x41-1-150x41.png 150w\" sizes=\"auto, (max-width: 153px) 100vw, 153px\" \/>\t\t\t\t\t\t\t\t\t\t\t\t\t\t\t<\/p>\n<h2>\u00bfPor qu\u00e9 elegirnos?<\/h2>\n<p>Nos centramos en hacer que las cosas funcionen. Nos gusta la comunicaci\u00f3n transparente, abierta y las relaciones de largo plazo.<\/p>\n<p>El mundo digital de los sitios web es un sector din\u00e1mico e innovador. Muchas veces no es f\u00e1cil poder encontrar aquello que realmente necesit\u00e1s para llevar adelante tu proyecto. En 451studio creemos que \u00abmenos es m\u00e1s\u00bb y\u00a0 buscamos soluciones que sean simples, sustentables y ajustadas a cada necesidad.<\/p>\n<style>\/*! elementor - v3.15.0 - 09-08-2023 *\/\n.elementor-widget-image-box .elementor-image-box-content{width:100%}@media (min-width:768px){.elementor-widget-image-box.elementor-position-left .elementor-image-box-wrapper,.elementor-widget-image-box.elementor-position-right .elementor-image-box-wrapper{display:flex}.elementor-widget-image-box.elementor-position-right .elementor-image-box-wrapper{text-align:right;flex-direction:row-reverse}.elementor-widget-image-box.elementor-position-left .elementor-image-box-wrapper{text-align:left;flex-direction:row}.elementor-widget-image-box.elementor-position-top .elementor-image-box-img{margin:auto}.elementor-widget-image-box.elementor-vertical-align-top .elementor-image-box-wrapper{align-items:flex-start}.elementor-widget-image-box.elementor-vertical-align-middle .elementor-image-box-wrapper{align-items:center}.elementor-widget-image-box.elementor-vertical-align-bottom .elementor-image-box-wrapper{align-items:flex-end}}@media (max-width:767px){.elementor-widget-image-box .elementor-image-box-img{margin-left:auto!important;margin-right:auto!important;margin-bottom:15px}}.elementor-widget-image-box .elementor-image-box-img{display:inline-block}.elementor-widget-image-box .elementor-image-box-title a{color:inherit}.elementor-widget-image-box .elementor-image-box-wrapper{text-align:center}.elementor-widget-image-box .elementor-image-box-description{margin:0}<\/style>\n<h3>\u00bfAlg\u00fan proyecto en mente?<\/h3>\n<p>Llevamos adelante tus ideas. Queremos saber c\u00f3mo podemos ayudarte a concretar ese proyecto que ten\u00e9s pensado.<\/p>\n<p>\t\t\t<a href=\"#\"><br \/>\n\t\t\t\t\t\t\u00a1Cont\u00e1ctanos!<br \/>\n\t\t\t\t\t<\/a><br \/>\n\t\t\t\t\t\t\t\t\t\t\t\t\t\t\t<img decoding=\"async\" width=\"900\" height=\"600\" src=\"https:\/\/451studio.com\/wp-content\/uploads\/2023\/08\/have-a-project-800x600-1.jpg\" alt=\"\" loading=\"lazy\" srcset=\"https:\/\/451studio.com\/wp-content\/uploads\/2023\/08\/have-a-project-800x600-1.jpg 900w, https:\/\/451studio.com\/wp-content\/uploads\/2023\/08\/have-a-project-800x600-1-300x200.jpg 300w, https:\/\/451studio.com\/wp-content\/uploads\/2023\/08\/have-a-project-800x600-1-768x512.jpg 768w\" sizes=\"auto, (max-width: 900px) 100vw, 900px\" \/>\t\t\t\t\t\t\t\t\t\t\t\t\t\t\t<\/p>\n<h2>Creamos tu sitio web<\/h2>\n<p>Ya seas un emprenderor o una PYME, estamos para llevar tu visi\u00f3n al mundo proyecto digital. Creamos juntos tu presencia en l\u00ednea.<\/p>\n<h2>Apasionados por nuestro trabajo<br \/>\n<\/h2>\n<p>Es simple, nos gusta lo que hacemos. Llevamos muchos a\u00f1os creando sitios web, escuchando historias y ayudando a que los proyecto se hagan realidad \u00bfNos quer\u00e9s contar el tuyo?<\/p>\n<style>\/*! elementor - v3.15.0 - 09-08-2023 *\/\n.elementor-image-gallery .gallery-item{display:inline-block;text-align:center;vertical-align:top;width:100%;max-width:100%;margin:0 auto}.elementor-image-gallery .gallery-item img{margin:0 auto}.elementor-image-gallery .gallery-item .gallery-caption{margin:0}.elementor-image-gallery figure img{display:block}.elementor-image-gallery figure figcaption{width:100%}.gallery-spacing-custom .elementor-image-gallery .gallery-icon{padding:0}@media (min-width:768px){.elementor-image-gallery .gallery-columns-2 .gallery-item{max-width:50%}.elementor-image-gallery .gallery-columns-3 .gallery-item{max-width:33.33%}.elementor-image-gallery .gallery-columns-4 .gallery-item{max-width:25%}.elementor-image-gallery .gallery-columns-5 .gallery-item{max-width:20%}.elementor-image-gallery .gallery-columns-6 .gallery-item{max-width:16.666%}.elementor-image-gallery .gallery-columns-7 .gallery-item{max-width:14.28%}.elementor-image-gallery .gallery-columns-8 .gallery-item{max-width:12.5%}.elementor-image-gallery .gallery-columns-9 .gallery-item{max-width:11.11%}.elementor-image-gallery .gallery-columns-10 .gallery-item{max-width:10%}}@media (min-width:480px) and (max-width:767px){.elementor-image-gallery .gallery.gallery-columns-2 .gallery-item,.elementor-image-gallery .gallery.gallery-columns-3 .gallery-item,.elementor-image-gallery .gallery.gallery-columns-4 .gallery-item,.elementor-image-gallery .gallery.gallery-columns-5 .gallery-item,.elementor-image-gallery .gallery.gallery-columns-6 .gallery-item,.elementor-image-gallery .gallery.gallery-columns-7 .gallery-item,.elementor-image-gallery .gallery.gallery-columns-8 .gallery-item,.elementor-image-gallery .gallery.gallery-columns-9 .gallery-item,.elementor-image-gallery .gallery.gallery-columns-10 .gallery-item{max-width:50%}}@media (max-width:479px){.elementor-image-gallery .gallery.gallery-columns-2 .gallery-item,.elementor-image-gallery .gallery.gallery-columns-3 .gallery-item,.elementor-image-gallery .gallery.gallery-columns-4 .gallery-item,.elementor-image-gallery .gallery.gallery-columns-5 .gallery-item,.elementor-image-gallery .gallery.gallery-columns-6 .gallery-item,.elementor-image-gallery .gallery.gallery-columns-7 .gallery-item,.elementor-image-gallery .gallery.gallery-columns-8 .gallery-item,.elementor-image-gallery .gallery.gallery-columns-9 .gallery-item,.elementor-image-gallery .gallery.gallery-columns-10 .gallery-item{max-width:100%}}<\/style>\n<figure class='gallery-item'>\n\t\t\t\t<a data-elementor-open-lightbox=\"yes\" data-elementor-lightbox-slideshow=\"62ef2d5\" data-elementor-lightbox-title=\"gallery-1\" data-e-action-hash=\"#elementor-action%3Aaction%3Dlightbox%26settings%3DeyJpZCI6NzUsInVybCI6Imh0dHBzOlwvXC80NTFzdHVkaW8uY29tXC93cC1jb250ZW50XC91cGxvYWRzXC8yMDIxXC8wNVwvZ2FsbGVyeS0xLmpwZyIsInNsaWRlc2hvdyI6IjYyZWYyZDUifQ%3D%3D\" href='https:\/\/451studio.com\/wp-content\/uploads\/2021\/05\/gallery-1.jpg'><img width=\"758\" height=\"758\" src=\"https:\/\/451studio.com\/wp-content\/uploads\/2021\/05\/gallery-1.jpg\" alt=\"\" decoding=\"async\" loading=\"lazy\" srcset=\"https:\/\/451studio.com\/wp-content\/uploads\/2021\/05\/gallery-1.jpg 758w, https:\/\/451studio.com\/wp-content\/uploads\/2021\/05\/gallery-1-300x300.jpg 300w, https:\/\/451studio.com\/wp-content\/uploads\/2021\/05\/gallery-1-150x150.jpg 150w\" sizes=\"auto, (max-width: 758px) 100vw, 758px\" \/><\/a><br \/>\n\t\t\t<\/figure>\n<figure class='gallery-item'>\n\t\t\t\t<a data-elementor-open-lightbox=\"yes\" data-elementor-lightbox-slideshow=\"62ef2d5\" data-elementor-lightbox-title=\"cat-758x758\" data-e-action-hash=\"#elementor-action%3Aaction%3Dlightbox%26settings%3DeyJpZCI6NDc5LCJ1cmwiOiJodHRwczpcL1wvNDUxc3R1ZGlvLmNvbVwvd3AtY29udGVudFwvdXBsb2Fkc1wvMjAyM1wvMDhcL2NhdC03NTh4NzU4LTEuanBnIiwic2xpZGVzaG93IjoiNjJlZjJkNSJ9\" href='https:\/\/451studio.com\/wp-content\/uploads\/2023\/08\/cat-758x758-1.jpg'><img width=\"758\" height=\"758\" src=\"https:\/\/451studio.com\/wp-content\/uploads\/2023\/08\/cat-758x758-1.jpg\" alt=\"\" decoding=\"async\" loading=\"lazy\" srcset=\"https:\/\/451studio.com\/wp-content\/uploads\/2023\/08\/cat-758x758-1.jpg 758w, https:\/\/451studio.com\/wp-content\/uploads\/2023\/08\/cat-758x758-1-300x300.jpg 300w, https:\/\/451studio.com\/wp-content\/uploads\/2023\/08\/cat-758x758-1-150x150.jpg 150w\" sizes=\"auto, (max-width: 758px) 100vw, 758px\" \/><\/a><br \/>\n\t\t\t<\/figure>\n<figure class='gallery-item'>\n\t\t\t\t<a data-elementor-open-lightbox=\"yes\" data-elementor-lightbox-slideshow=\"62ef2d5\" data-elementor-lightbox-title=\"postit-758x758\" data-e-action-hash=\"#elementor-action%3Aaction%3Dlightbox%26settings%3DeyJpZCI6NDgxLCJ1cmwiOiJodHRwczpcL1wvNDUxc3R1ZGlvLmNvbVwvd3AtY29udGVudFwvdXBsb2Fkc1wvMjAyM1wvMDhcL3Bvc3RpdC03NTh4NzU4LTEuanBnIiwic2xpZGVzaG93IjoiNjJlZjJkNSJ9\" href='https:\/\/451studio.com\/wp-content\/uploads\/2023\/08\/postit-758x758-1.jpg'><img width=\"758\" height=\"758\" src=\"https:\/\/451studio.com\/wp-content\/uploads\/2023\/08\/postit-758x758-1.jpg\" alt=\"\" decoding=\"async\" loading=\"lazy\" srcset=\"https:\/\/451studio.com\/wp-content\/uploads\/2023\/08\/postit-758x758-1.jpg 758w, https:\/\/451studio.com\/wp-content\/uploads\/2023\/08\/postit-758x758-1-300x300.jpg 300w, https:\/\/451studio.com\/wp-content\/uploads\/2023\/08\/postit-758x758-1-150x150.jpg 150w\" sizes=\"auto, (max-width: 758px) 100vw, 758px\" \/><\/a><br \/>\n\t\t\t<\/figure>\n<h2>Contacta con nosotros<\/h2>\n<form id=\"wpforms-form-303\" data-formid=\"303\" method=\"post\" enctype=\"multipart\/form-data\" action=\"\/wp-admin\/admin-ajax.php\" data-token=\"d23dab7c6fceea555470350d7e9c8911\"><noscript>Please enable JavaScript in your browser to complete this form.<\/noscript><label for=\"wpforms-303-field_0\">Name *<\/label><input type=\"text\" id=\"wpforms-303-field_0\" name=\"wpforms[fields][0][first]\" placeholder=\"First Name\" required><label for=\"wpforms-303-field_0\">First<\/label><input type=\"text\" id=\"wpforms-303-field_0-last\" name=\"wpforms[fields][0][last]\" placeholder=\"Last Name\" required><label for=\"wpforms-303-field_0-last\">Last<\/label><label for=\"wpforms-303-field_1\">Email *<\/label><input type=\"email\" id=\"wpforms-303-field_1\" name=\"wpforms[fields][1]\" placeholder=\"Email Address\" spellcheck=\"false\" required><label for=\"wpforms-303-field_3\">Subject *<\/label><input type=\"text\" id=\"wpforms-303-field_3\" name=\"wpforms[fields][3]\" placeholder=\"Subject\" required><label for=\"wpforms-303-field_2\">Comment or Message *<\/label><textarea id=\"wpforms-303-field_2\" name=\"wpforms[fields][2]\" placeholder=\"Your Message\" required><\/textarea><!-- .wpforms-field-container --><input type=\"hidden\" name=\"wpforms[id]\" value=\"303\">\t\t\t<input\n\t\t\t\ttype=\"hidden\"\n\t\t\t\tname=\"wpforms[nonce]\"\n\t\t\t\tvalue=\"92b5f095dd\"\n\t\t\t\/><br \/>\n\t\t\t<input type=\"hidden\" name=\"wpforms[author]\" value=\"1\"><button type=\"submit\" name=\"wpforms[submit]\" id=\"wpforms-submit-303\" data-alt-text=\"Sending...\" data-submit-text=\"Send Message\" aria-live=\"assertive\" value=\"wpforms-submit\">Send Message<\/button><\/form>\n<p>  <!-- .wpforms-container --><\/p>\n","protected":false},"excerpt":{"rendered":"<p>Somos 451studio y creamos experiencias en la web. Implementamos plataformas de aprendizaje para e-learning,\u00a0 creamos sitios de noticias y dise\u00f1amos sitios web para que tengas tu lugar en el mundo digital. \u00a1As\u00ed lo hacemos! Te Ayudamos Con Educaci\u00f3n on-line Implementamos plataformas de gesi\u00f3n del aprendizaje (LMS) para que puedas realizar e-learning y hacer cursos online. [&hellip;]<\/p>\n","protected":false},"author":1,"featured_media":0,"parent":0,"menu_order":0,"comment_status":"closed","ping_status":"closed","template":"","meta":{"_monsterinsights_skip_tracking":false,"_monsterinsights_sitenote_active":false,"_monsterinsights_sitenote_note":"","_monsterinsights_sitenote_category":0,"site-sidebar-layout":"no-sidebar","site-content-layout":"page-builder","ast-site-content-layout":"default","site-content-style":"default","site-sidebar-style":"default","ast-global-header-display":"","ast-banner-title-visibility":"","ast-main-header-display":"","ast-hfb-above-header-display":"","ast-hfb-below-header-display":"","ast-hfb-mobile-header-display":"","site-post-title":"disabled","ast-breadcrumbs-content":"","ast-featured-img":"disabled","footer-sml-layout":"","ast-disable-related-posts":"","theme-transparent-header-meta":"enabled","adv-header-id-meta":"","stick-header-meta":"","header-above-stick-meta":"","header-main-stick-meta":"","header-below-stick-meta":"","astra-migrate-meta-layouts":"default","ast-page-background-enabled":"default","ast-page-background-meta":{"desktop":{"background-color":"","background-image":"","background-repeat":"repeat","background-position":"center center","background-size":"auto","background-attachment":"scroll","background-type":"","background-media":"","overlay-type":"","overlay-color":"","overlay-opacity":"","overlay-gradient":""},"tablet":{"background-color":"","background-image":"","background-repeat":"repeat","background-position":"center center","background-size":"auto","background-attachment":"scroll","background-type":"","background-media":"","overlay-type":"","overlay-color":"","overlay-opacity":"","overlay-gradient":""},"mobile":{"background-color":"","background-image":"","background-repeat":"repeat","background-position":"center center","background-size":"auto","background-attachment":"scroll","background-type":"","background-media":"","overlay-type":"","overlay-color":"","overlay-opacity":"","overlay-gradient":""}},"ast-content-background-meta":{"desktop":{"background-color":"var(--ast-global-color-5)","background-image":"","background-repeat":"repeat","background-position":"center center","background-size":"auto","background-attachment":"scroll","background-type":"","background-media":"","overlay-type":"","overlay-color":"","overlay-opacity":"","overlay-gradient":""},"tablet":{"background-color":"var(--ast-global-color-5)","background-image":"","background-repeat":"repeat","background-position":"center center","background-size":"auto","background-attachment":"scroll","background-type":"","background-media":"","overlay-type":"","overlay-color":"","overlay-opacity":"","overlay-gradient":""},"mobile":{"background-color":"var(--ast-global-color-5)","background-image":"","background-repeat":"repeat","background-position":"center center","background-size":"auto","background-attachment":"scroll","background-type":"","background-media":"","overlay-type":"","overlay-color":"","overlay-opacity":"","overlay-gradient":""}},"footnotes":""},"class_list":["post-449","page","type-page","status-publish","hentry"],"aioseo_notices":[],"_links":{"self":[{"href":"https:\/\/451studio.com\/es\/wp-json\/wp\/v2\/pages\/449","targetHints":{"allow":["GET"]}}],"collection":[{"href":"https:\/\/451studio.com\/es\/wp-json\/wp\/v2\/pages"}],"about":[{"href":"https:\/\/451studio.com\/es\/wp-json\/wp\/v2\/types\/page"}],"author":[{"embeddable":true,"href":"https:\/\/451studio.com\/es\/wp-json\/wp\/v2\/users\/1"}],"replies":[{"embeddable":true,"href":"https:\/\/451studio.com\/es\/wp-json\/wp\/v2\/comments?post=449"}],"version-history":[{"count":21,"href":"https:\/\/451studio.com\/es\/wp-json\/wp\/v2\/pages\/449\/revisions"}],"predecessor-version":[{"id":567,"href":"https:\/\/451studio.com\/es\/wp-json\/wp\/v2\/pages\/449\/revisions\/567"}],"wp:attachment":[{"href":"https:\/\/451studio.com\/es\/wp-json\/wp\/v2\/media?parent=449"}],"curies":[{"name":"wp","href":"https:\/\/api.w.org\/{rel}","templated":true}]}}